{"id":560,"date":"2017-08-18T18:59:42","date_gmt":"2017-08-18T16:59:42","guid":{"rendered":"http:\/\/www.stabil-anhalt-bitterfeld.de\/?post_type=product&#038;p=560"},"modified":"2022-04-14T10:00:28","modified_gmt":"2022-04-14T08:00:28","slug":"vogelhaus-2","status":"publish","type":"product","link":"https:\/\/www.stabil-anhalt-bitterfeld.de\/index.php\/produkt\/vogelhaus-2\/","title":{"rendered":"Vogelhaus"},"content":{"rendered":"","protected":false},"excerpt":{"rendered":"<p><a href=\"http:\/\/www.stabil-anhalt-bitterfeld.de\/index.php\/produktbestellung\/\"><button class=\"shop\">&rarr;  Zur Produktbestellung<\/button class=\"shop\"><\/a><br \/>\n<em>Preis\u00e4nderungen sind vorbehalten!<\/em><\/p>\n<p>Sie suchen ein sch\u00f6nes Vogelhaus? Dann sind Sie bei uns genau richtig. Unsere Vogelh\u00e4user sehen nicht nur sch\u00f6n aus, sondern bieten V\u00f6geln das ganze Jahr \u00fcber ein behagliches Zuhause. In vielen verschieden Designs k\u00f6nnen Sie unsere Vogelh\u00e4user erwerben. Alle bestehen aus Holz und sind witterungsbest\u00e4ndig. Sie sind liebevoll gestaltet und bemalt. Auch die Montage ist leicht zu handhaben. <\/p>\n","protected":false},"featured_media":561,"template":"","meta":[],"product_brand":[],"product_cat":[28],"product_tag":[40,47],"class_list":{"0":"post-560","1":"product","2":"type-product","3":"status-publish","4":"has-post-thumbnail","6":"product_cat-fuer-den-garten","7":"product_tag-garten","8":"product_tag-vogelhaus","10":"first","11":"instock","12":"purchasable","13":"product-type-simple"},"_links":{"self":[{"href":"https:\/\/www.stabil-anhalt-bitterfeld.de\/index.php\/wp-json\/wp\/v2\/product\/560","targetHints":{"allow":["GET"]}}],"collection":[{"href":"https:\/\/www.stabil-anhalt-bitterfeld.de\/index.php\/wp-json\/wp\/v2\/product"}],"about":[{"href":"https:\/\/www.stabil-anhalt-bitterfeld.de\/index.php\/wp-json\/wp\/v2\/types\/product"}],"wp:featuredmedia":[{"embeddable":true,"href":"https:\/\/www.stabil-anhalt-bitterfeld.de\/index.php\/wp-json\/wp\/v2\/media\/561"}],"wp:attachment":[{"href":"https:\/\/www.stabil-anhalt-bitterfeld.de\/index.php\/wp-json\/wp\/v2\/media?parent=560"}],"wp:term":[{"taxonomy":"product_brand","embeddable":true,"href":"https:\/\/www.stabil-anhalt-bitterfeld.de\/index.php\/wp-json\/wp\/v2\/product_brand?post=560"},{"taxonomy":"product_cat","embeddable":true,"href":"https:\/\/www.stabil-anhalt-bitterfeld.de\/index.php\/wp-json\/wp\/v2\/product_cat?post=560"},{"taxonomy":"product_tag","embeddable":true,"href":"https:\/\/www.stabil-anhalt-bitterfeld.de\/index.php\/wp-json\/wp\/v2\/product_tag?post=560"}],"curies":[{"name":"wp","href":"https:\/\/api.w.org\/{rel}","templated":true}]}}