{"id":1648,"date":"2021-08-03T10:13:24","date_gmt":"2021-08-03T08:13:24","guid":{"rendered":"http:\/\/www.stabil-anhalt-bitterfeld.de\/?post_type=product&#038;p=1648"},"modified":"2022-04-14T09:48:22","modified_gmt":"2022-04-14T07:48:22","slug":"blockfutterhaus","status":"publish","type":"product","link":"https:\/\/www.stabil-anhalt-bitterfeld.de\/index.php\/produkt\/blockfutterhaus\/","title":{"rendered":"Blockfutterhaus"},"content":{"rendered":"","protected":false},"excerpt":{"rendered":"<p><a href=\"http:\/\/www.stabil-anhalt-bitterfeld.de\/index.php\/produktbestellung\/\"><button class=\"shop\">&rarr;  Zur Produktbestellung<\/button class=\"shop\"><\/a><br \/>\n<em>Preis\u00e4nderungen sind vorbehalten!<\/em><\/p>\n<p>Futterspa\u00df f\u00fcr die V\u00f6gelschar im heimischen Garten verspricht unser Blockfutterhaus.<\/p>\n","protected":false},"featured_media":1649,"template":"","meta":[],"product_brand":[],"product_cat":[28],"product_tag":[38],"class_list":{"0":"post-1648","1":"product","2":"type-product","3":"status-publish","4":"has-post-thumbnail","6":"product_cat-fuer-den-garten","7":"product_tag-holz","9":"first","10":"instock","11":"shipping-taxable","12":"purchasable","13":"product-type-simple"},"_links":{"self":[{"href":"https:\/\/www.stabil-anhalt-bitterfeld.de\/index.php\/wp-json\/wp\/v2\/product\/1648","targetHints":{"allow":["GET"]}}],"collection":[{"href":"https:\/\/www.stabil-anhalt-bitterfeld.de\/index.php\/wp-json\/wp\/v2\/product"}],"about":[{"href":"https:\/\/www.stabil-anhalt-bitterfeld.de\/index.php\/wp-json\/wp\/v2\/types\/product"}],"wp:featuredmedia":[{"embeddable":true,"href":"https:\/\/www.stabil-anhalt-bitterfeld.de\/index.php\/wp-json\/wp\/v2\/media\/1649"}],"wp:attachment":[{"href":"https:\/\/www.stabil-anhalt-bitterfeld.de\/index.php\/wp-json\/wp\/v2\/media?parent=1648"}],"wp:term":[{"taxonomy":"product_brand","embeddable":true,"href":"https:\/\/www.stabil-anhalt-bitterfeld.de\/index.php\/wp-json\/wp\/v2\/product_brand?post=1648"},{"taxonomy":"product_cat","embeddable":true,"href":"https:\/\/www.stabil-anhalt-bitterfeld.de\/index.php\/wp-json\/wp\/v2\/product_cat?post=1648"},{"taxonomy":"product_tag","embeddable":true,"href":"https:\/\/www.stabil-anhalt-bitterfeld.de\/index.php\/wp-json\/wp\/v2\/product_tag?post=1648"}],"curies":[{"name":"wp","href":"https:\/\/api.w.org\/{rel}","templated":true}]}}