{"id":984,"date":"2017-12-18T13:59:03","date_gmt":"2017-12-18T12:59:03","guid":{"rendered":"http:\/\/www.stabil-anhalt-bitterfeld.de\/?post_type=product&#038;p=984"},"modified":"2022-04-14T09:54:12","modified_gmt":"2022-04-14T07:54:12","slug":"984","status":"publish","type":"product","link":"http:\/\/www.stabil-anhalt-bitterfeld.de\/index.php\/produkt\/984\/","title":{"rendered":"Weihnachtskranz"},"content":{"rendered":"","protected":false},"excerpt":{"rendered":"<p><a href=\"http:\/\/www.stabil-anhalt-bitterfeld.de\/index.php\/produktbestellung\/\"><button class=\"shop\">&rarr;  Zur Produktbestellung<\/button class=\"shop\"><\/a><br \/>\n<em>Preis\u00e4nderungen sind vorbehalten!<\/em><\/p>\n<p>Aus bis zu 11 gen\u00e4hten Dekoelementen wie Herzen, Sternen, Rentieren, Tannenb\u00e4umchen und Stiefeln wird unser Weihnachtskranz mit Kien\u00e4pfeln und Holzdekoelementen kombiniert.<br \/>\nDer Durchmesser betr\u00e4gt ca. 30 cm.<br \/>\nBesonders h\u00fcbsch wirkt er an T\u00fcren oder an der Wand.<\/p>\n","protected":false},"featured_media":982,"template":"","meta":[],"product_brand":[],"product_cat":[27,35],"product_tag":[37,67],"class_list":{"0":"post-984","1":"product","2":"type-product","3":"status-publish","4":"has-post-thumbnail","6":"product_cat-dekoration-geschenke","7":"product_cat-weihnachten","8":"product_tag-deko","9":"product_tag-weihnachtsdeko","11":"first","12":"instock","13":"purchasable","14":"product-type-simple"},"_links":{"self":[{"href":"http:\/\/www.stabil-anhalt-bitterfeld.de\/index.php\/wp-json\/wp\/v2\/product\/984","targetHints":{"allow":["GET"]}}],"collection":[{"href":"http:\/\/www.stabil-anhalt-bitterfeld.de\/index.php\/wp-json\/wp\/v2\/product"}],"about":[{"href":"http:\/\/www.stabil-anhalt-bitterfeld.de\/index.php\/wp-json\/wp\/v2\/types\/product"}],"wp:featuredmedia":[{"embeddable":true,"href":"http:\/\/www.stabil-anhalt-bitterfeld.de\/index.php\/wp-json\/wp\/v2\/media\/982"}],"wp:attachment":[{"href":"http:\/\/www.stabil-anhalt-bitterfeld.de\/index.php\/wp-json\/wp\/v2\/media?parent=984"}],"wp:term":[{"taxonomy":"product_brand","embeddable":true,"href":"http:\/\/www.stabil-anhalt-bitterfeld.de\/index.php\/wp-json\/wp\/v2\/product_brand?post=984"},{"taxonomy":"product_cat","embeddable":true,"href":"http:\/\/www.stabil-anhalt-bitterfeld.de\/index.php\/wp-json\/wp\/v2\/product_cat?post=984"},{"taxonomy":"product_tag","embeddable":true,"href":"http:\/\/www.stabil-anhalt-bitterfeld.de\/index.php\/wp-json\/wp\/v2\/product_tag?post=984"}],"curies":[{"name":"wp","href":"https:\/\/api.w.org\/{rel}","templated":true}]}}