{"id":706,"date":"2017-08-30T09:40:05","date_gmt":"2017-08-30T07:40:05","guid":{"rendered":"http:\/\/www.stabil-anhalt-bitterfeld.de\/?post_type=product&#038;p=706"},"modified":"2022-04-14T09:58:07","modified_gmt":"2022-04-14T07:58:07","slug":"backmischung-im-glas","status":"publish","type":"product","link":"http:\/\/www.stabil-anhalt-bitterfeld.de\/index.php\/produkt\/backmischung-im-glas\/","title":{"rendered":"Backmischung im Glas (s\u00fc\u00df und herzhaft)"},"content":{"rendered":"","protected":false},"excerpt":{"rendered":"<p><a href=\"http:\/\/www.stabil-anhalt-bitterfeld.de\/index.php\/produktbestellung\/\"><button class=\"shop\">&rarr;  Zur Produktbestellung<\/button class=\"shop\"><\/a><br \/>\n<em>Preis\u00e4nderungen sind vorbehalten!<\/em><\/p>\n<p>Die Backmischungen f\u00fcr Muffins in verschiedenen Sorten sind per Hand abgef\u00fcllt und in einem sch\u00f6nen verzierten Weckglas. Ob zum Verschenken, zum Backen oder als Dekoration, die Backmischung ist in jeder K\u00fcche ein Hit.<\/p>\n","protected":false},"featured_media":707,"template":"","meta":[],"product_brand":[],"product_cat":[32],"product_tag":[64],"class_list":{"0":"post-706","1":"product","2":"type-product","3":"status-publish","4":"has-post-thumbnail","6":"product_cat-genuessliches","7":"product_tag-essen","9":"first","10":"instock","11":"purchasable","12":"product-type-simple"},"_links":{"self":[{"href":"http:\/\/www.stabil-anhalt-bitterfeld.de\/index.php\/wp-json\/wp\/v2\/product\/706","targetHints":{"allow":["GET"]}}],"collection":[{"href":"http:\/\/www.stabil-anhalt-bitterfeld.de\/index.php\/wp-json\/wp\/v2\/product"}],"about":[{"href":"http:\/\/www.stabil-anhalt-bitterfeld.de\/index.php\/wp-json\/wp\/v2\/types\/product"}],"wp:featuredmedia":[{"embeddable":true,"href":"http:\/\/www.stabil-anhalt-bitterfeld.de\/index.php\/wp-json\/wp\/v2\/media\/707"}],"wp:attachment":[{"href":"http:\/\/www.stabil-anhalt-bitterfeld.de\/index.php\/wp-json\/wp\/v2\/media?parent=706"}],"wp:term":[{"taxonomy":"product_brand","embeddable":true,"href":"http:\/\/www.stabil-anhalt-bitterfeld.de\/index.php\/wp-json\/wp\/v2\/product_brand?post=706"},{"taxonomy":"product_cat","embeddable":true,"href":"http:\/\/www.stabil-anhalt-bitterfeld.de\/index.php\/wp-json\/wp\/v2\/product_cat?post=706"},{"taxonomy":"product_tag","embeddable":true,"href":"http:\/\/www.stabil-anhalt-bitterfeld.de\/index.php\/wp-json\/wp\/v2\/product_tag?post=706"}],"curies":[{"name":"wp","href":"https:\/\/api.w.org\/{rel}","templated":true}]}}