{"id":531,"date":"2017-08-17T18:51:36","date_gmt":"2017-08-17T16:51:36","guid":{"rendered":"http:\/\/www.stabil-anhalt-bitterfeld.de\/?post_type=product&#038;p=531"},"modified":"2022-04-14T10:01:01","modified_gmt":"2022-04-14T08:01:01","slug":"geldgeschenk","status":"publish","type":"product","link":"http:\/\/www.stabil-anhalt-bitterfeld.de\/index.php\/produkt\/geldgeschenk\/","title":{"rendered":"Geldgeschenk"},"content":{"rendered":"","protected":false},"excerpt":{"rendered":"<p><a href=\"http:\/\/www.stabil-anhalt-bitterfeld.de\/index.php\/produktbestellung\/\"><button class=\"shop\">&rarr;  Zur Produktbestellung<\/button class=\"shop\"><\/a><br \/>\n<em>Preis\u00e4nderungen sind vorbehalten!<\/em><\/p>\n<p>Kennen Sie auch diese herk\u00f6mmlichen langweiligen Geld-Geschenkkarten, die fast alle gleich aussehen? Sie m\u00f6chten es lieber etwas ausgefallener? Dann stellen wir Ihnen hier unsere kleinen Geldgeschenke vor, mit der Sie sicher f\u00fcr eine gelungene \u00dcberraschung sorgen werden. Unsere Geldgeschenke gibt es in zwei Varianten zu kaufen und bestehen aus Holz und Stoff. Sie sind ca. 10 x 10cm gro\u00df und passen daher wunderbar auch in kleine Geschenkt\u00fcten rein. <\/p>\n","protected":false},"featured_media":532,"template":"","meta":[],"product_brand":[],"product_cat":[27],"product_tag":[42],"class_list":{"0":"post-531","1":"product","2":"type-product","3":"status-publish","4":"has-post-thumbnail","6":"product_cat-dekoration-geschenke","7":"product_tag-geldgeschenk","9":"first","10":"instock","11":"purchasable","12":"product-type-simple"},"_links":{"self":[{"href":"http:\/\/www.stabil-anhalt-bitterfeld.de\/index.php\/wp-json\/wp\/v2\/product\/531","targetHints":{"allow":["GET"]}}],"collection":[{"href":"http:\/\/www.stabil-anhalt-bitterfeld.de\/index.php\/wp-json\/wp\/v2\/product"}],"about":[{"href":"http:\/\/www.stabil-anhalt-bitterfeld.de\/index.php\/wp-json\/wp\/v2\/types\/product"}],"wp:featuredmedia":[{"embeddable":true,"href":"http:\/\/www.stabil-anhalt-bitterfeld.de\/index.php\/wp-json\/wp\/v2\/media\/532"}],"wp:attachment":[{"href":"http:\/\/www.stabil-anhalt-bitterfeld.de\/index.php\/wp-json\/wp\/v2\/media?parent=531"}],"wp:term":[{"taxonomy":"product_brand","embeddable":true,"href":"http:\/\/www.stabil-anhalt-bitterfeld.de\/index.php\/wp-json\/wp\/v2\/product_brand?post=531"},{"taxonomy":"product_cat","embeddable":true,"href":"http:\/\/www.stabil-anhalt-bitterfeld.de\/index.php\/wp-json\/wp\/v2\/product_cat?post=531"},{"taxonomy":"product_tag","embeddable":true,"href":"http:\/\/www.stabil-anhalt-bitterfeld.de\/index.php\/wp-json\/wp\/v2\/product_tag?post=531"}],"curies":[{"name":"wp","href":"https:\/\/api.w.org\/{rel}","templated":true}]}}