{"id":497,"date":"2017-08-17T18:09:47","date_gmt":"2017-08-17T16:09:47","guid":{"rendered":"http:\/\/www.stabil-anhalt-bitterfeld.de\/?post_type=product&#038;p=497"},"modified":"2022-04-14T10:09:32","modified_gmt":"2022-04-14T08:09:32","slug":"klopfspecht","status":"publish","type":"product","link":"http:\/\/www.stabil-anhalt-bitterfeld.de\/index.php\/produkt\/klopfspecht\/","title":{"rendered":"Klopfspecht"},"content":{"rendered":"","protected":false},"excerpt":{"rendered":"<p><a href=\"http:\/\/www.stabil-anhalt-bitterfeld.de\/index.php\/produktbestellung\/\"><button class=\"shop\">&rarr;  Zur Produktbestellung<\/button class=\"shop\"><\/a><br \/>\n<em>Preis\u00e4nderungen sind vorbehalten!<\/em><\/p>\n<p>Eine Klingel hat jeder Haushalt. Meist mit einem schrecklichen Ton oder viel zu laut. Sie wollen nicht wie jeder sein und w\u00fcnschen sich etwas, was nicht viele besitzen, dann ist unser Klopfspecht die ultimative L\u00f6sung f\u00fcr Sie. Der Klopfspecht zeichnet sich durch seine handgemachte Arbeit aus und seinem liebevoll gestalteten Aussehen. Er besteht aus Holz, ist leicht zu befestigen und ist witterungsbest\u00e4ndig. Auch zu Dekorationszwecken kann der Klopfspecht benutzt werden. Er wird Ihnen nicht nur nette Komplimente einbringen, sondern auch endlich Ruhe, die Sie verdienen. <\/p>\n","protected":false},"featured_media":509,"template":"","meta":[],"product_brand":[],"product_cat":[27],"product_tag":[37,40,38],"class_list":{"0":"post-497","1":"product","2":"type-product","3":"status-publish","4":"has-post-thumbnail","6":"product_cat-dekoration-geschenke","7":"product_tag-deko","8":"product_tag-garten","9":"product_tag-holz","11":"first","12":"instock","13":"purchasable","14":"product-type-simple"},"_links":{"self":[{"href":"http:\/\/www.stabil-anhalt-bitterfeld.de\/index.php\/wp-json\/wp\/v2\/product\/497","targetHints":{"allow":["GET"]}}],"collection":[{"href":"http:\/\/www.stabil-anhalt-bitterfeld.de\/index.php\/wp-json\/wp\/v2\/product"}],"about":[{"href":"http:\/\/www.stabil-anhalt-bitterfeld.de\/index.php\/wp-json\/wp\/v2\/types\/product"}],"wp:featuredmedia":[{"embeddable":true,"href":"http:\/\/www.stabil-anhalt-bitterfeld.de\/index.php\/wp-json\/wp\/v2\/media\/509"}],"wp:attachment":[{"href":"http:\/\/www.stabil-anhalt-bitterfeld.de\/index.php\/wp-json\/wp\/v2\/media?parent=497"}],"wp:term":[{"taxonomy":"product_brand","embeddable":true,"href":"http:\/\/www.stabil-anhalt-bitterfeld.de\/index.php\/wp-json\/wp\/v2\/product_brand?post=497"},{"taxonomy":"product_cat","embeddable":true,"href":"http:\/\/www.stabil-anhalt-bitterfeld.de\/index.php\/wp-json\/wp\/v2\/product_cat?post=497"},{"taxonomy":"product_tag","embeddable":true,"href":"http:\/\/www.stabil-anhalt-bitterfeld.de\/index.php\/wp-json\/wp\/v2\/product_tag?post=497"}],"curies":[{"name":"wp","href":"https:\/\/api.w.org\/{rel}","templated":true}]}}