{"id":1113,"date":"2018-01-30T15:08:34","date_gmt":"2018-01-30T14:08:34","guid":{"rendered":"http:\/\/www.stabil-anhalt-bitterfeld.de\/?post_type=product&#038;p=1113"},"modified":"2022-04-14T09:53:42","modified_gmt":"2022-04-14T07:53:42","slug":"kantenhocker-stoff","status":"publish","type":"product","link":"http:\/\/www.stabil-anhalt-bitterfeld.de\/index.php\/produkt\/kantenhocker-stoff\/","title":{"rendered":"Kantenhocker (Stoff)"},"content":{"rendered":"","protected":false},"excerpt":{"rendered":"<p><a href=\"http:\/\/www.stabil-anhalt-bitterfeld.de\/index.php\/produktbestellung\/\"><button class=\"shop\">\u2192 Zur Produktbestellung<\/button><\/a><br \/>\n<em>Preis\u00e4nderungen sind vorbehalten!<\/em><\/p>\n<p>Unsere ersten Fr\u00fchlingsboten in verschiedenen Farbkombinationen f\u00fcr Ihre Fr\u00fchjahrsdekoration.<\/p>\n","protected":false},"featured_media":1114,"template":"","meta":[],"product_brand":[],"product_cat":[33],"product_tag":[65],"class_list":{"0":"post-1113","1":"product","2":"type-product","3":"status-publish","4":"has-post-thumbnail","6":"product_cat-ostern","7":"product_tag-osterdeko","9":"first","10":"instock","11":"shipping-taxable","12":"purchasable","13":"product-type-simple"},"_links":{"self":[{"href":"http:\/\/www.stabil-anhalt-bitterfeld.de\/index.php\/wp-json\/wp\/v2\/product\/1113","targetHints":{"allow":["GET"]}}],"collection":[{"href":"http:\/\/www.stabil-anhalt-bitterfeld.de\/index.php\/wp-json\/wp\/v2\/product"}],"about":[{"href":"http:\/\/www.stabil-anhalt-bitterfeld.de\/index.php\/wp-json\/wp\/v2\/types\/product"}],"wp:featuredmedia":[{"embeddable":true,"href":"http:\/\/www.stabil-anhalt-bitterfeld.de\/index.php\/wp-json\/wp\/v2\/media\/1114"}],"wp:attachment":[{"href":"http:\/\/www.stabil-anhalt-bitterfeld.de\/index.php\/wp-json\/wp\/v2\/media?parent=1113"}],"wp:term":[{"taxonomy":"product_brand","embeddable":true,"href":"http:\/\/www.stabil-anhalt-bitterfeld.de\/index.php\/wp-json\/wp\/v2\/product_brand?post=1113"},{"taxonomy":"product_cat","embeddable":true,"href":"http:\/\/www.stabil-anhalt-bitterfeld.de\/index.php\/wp-json\/wp\/v2\/product_cat?post=1113"},{"taxonomy":"product_tag","embeddable":true,"href":"http:\/\/www.stabil-anhalt-bitterfeld.de\/index.php\/wp-json\/wp\/v2\/product_tag?post=1113"}],"curies":[{"name":"wp","href":"https:\/\/api.w.org\/{rel}","templated":true}]}}