{"id":42,"date":"2017-01-02T15:22:26","date_gmt":"2017-01-02T14:22:26","guid":{"rendered":"http:\/\/www.stabil-anhalt-bitterfeld.de\/?page_id=42"},"modified":"2019-07-17T15:51:21","modified_gmt":"2019-07-17T13:51:21","slug":"impressum","status":"publish","type":"page","link":"http:\/\/www.stabil-anhalt-bitterfeld.de\/index.php\/impressum\/","title":{"rendered":"Impressum"},"content":{"rendered":"<p>STABIL ist ein ESF-gef\u00f6rdertes Projekt, welches von der ABASYS GmbH durchgef\u00fchrt wird.<\/p>\n<p>Verantwortlich f\u00fcr den Inhalt der Seite lt. TMG:<\/p>\n<p><strong>ABASYS GmbH<\/strong><br \/>\nSchleswiger Stra\u00dfe 9-10<br \/>\n06749 Bitterfeld-Wolfen<\/p>\n<p>Tel.: +49 (0) 3493 6627-0<br \/>\nFax: +49 (0) 3493 6627-19<br \/>\nE-Mail: info@abasys.de<\/p>\n<p>Gesch\u00e4ftsleitung: Norman Schaar<\/p>\n<p>Sitz der Gesellschaft: Bitterfeld-Wolfen<br \/>\nHandelsregister: Amtsgericht Stendal HRB 13292<\/p>\n<p>USt.-Id.-Nr.: DE 16 91 36 447<\/p>\n<p>\u00a92017. Alle Rechte an den auf dieser Webseite verwendeten Bildern und Inhalten liegen bei den jeweiligen Urhebern.<\/p>\n<p>&nbsp;<\/p>\n<p><a href=\"http:\/\/www.stabil-anhalt-bitterfeld.de\/wp-content\/uploads\/2019\/07\/Logo_ESF.jpg\"><img loading=\"lazy\" decoding=\"async\" class=\"alignleft  wp-image-1509\" src=\"http:\/\/www.stabil-anhalt-bitterfeld.de\/wp-content\/uploads\/2019\/07\/Logo_ESF-1024x229.jpg\" alt=\"\" width=\"635\" height=\"142\" srcset=\"http:\/\/www.stabil-anhalt-bitterfeld.de\/wp-content\/uploads\/2019\/07\/Logo_ESF-1024x229.jpg 1024w, http:\/\/www.stabil-anhalt-bitterfeld.de\/wp-content\/uploads\/2019\/07\/Logo_ESF-300x67.jpg 300w, http:\/\/www.stabil-anhalt-bitterfeld.de\/wp-content\/uploads\/2019\/07\/Logo_ESF-768x172.jpg 768w, http:\/\/www.stabil-anhalt-bitterfeld.de\/wp-content\/uploads\/2019\/07\/Logo_ESF-600x134.jpg 600w\" sizes=\"auto, (max-width: 635px) 100vw, 635px\" \/><\/a><\/p>\n","protected":false},"excerpt":{"rendered":"<p>STABIL ist ein ESF-gef\u00f6rdertes Projekt, welches von der ABASYS GmbH durchgef\u00fchrt wird. Verantwortlich f\u00fcr den Inhalt der Seite lt. TMG: ABASYS GmbH Schleswiger Stra\u00dfe 9-10 06749 Bitterfeld-Wolfen Tel.: +49 (0) &#8230;<\/p>\n","protected":false},"author":2,"featured_media":0,"parent":0,"menu_order":0,"comment_status":"closed","ping_status":"closed","template":"","meta":{"footnotes":""},"class_list":["post-42","page","type-page","status-publish","hentry"],"_links":{"self":[{"href":"http:\/\/www.stabil-anhalt-bitterfeld.de\/index.php\/wp-json\/wp\/v2\/pages\/42","targetHints":{"allow":["GET"]}}],"collection":[{"href":"http:\/\/www.stabil-anhalt-bitterfeld.de\/index.php\/wp-json\/wp\/v2\/pages"}],"about":[{"href":"http:\/\/www.stabil-anhalt-bitterfeld.de\/index.php\/wp-json\/wp\/v2\/types\/page"}],"author":[{"embeddable":true,"href":"http:\/\/www.stabil-anhalt-bitterfeld.de\/index.php\/wp-json\/wp\/v2\/users\/2"}],"replies":[{"embeddable":true,"href":"http:\/\/www.stabil-anhalt-bitterfeld.de\/index.php\/wp-json\/wp\/v2\/comments?post=42"}],"version-history":[{"count":10,"href":"http:\/\/www.stabil-anhalt-bitterfeld.de\/index.php\/wp-json\/wp\/v2\/pages\/42\/revisions"}],"predecessor-version":[{"id":1510,"href":"http:\/\/www.stabil-anhalt-bitterfeld.de\/index.php\/wp-json\/wp\/v2\/pages\/42\/revisions\/1510"}],"wp:attachment":[{"href":"http:\/\/www.stabil-anhalt-bitterfeld.de\/index.php\/wp-json\/wp\/v2\/media?parent=42"}],"curies":[{"name":"wp","href":"https:\/\/api.w.org\/{rel}","templated":true}]}}