{"id":117,"date":"2017-06-25T11:37:17","date_gmt":"2017-06-25T09:37:17","guid":{"rendered":"http:\/\/www.stabil-anhalt-bitterfeld.de\/?page_id=117"},"modified":"2022-01-04T12:07:24","modified_gmt":"2022-01-04T11:07:24","slug":"produktbestellung","status":"publish","type":"page","link":"http:\/\/www.stabil-anhalt-bitterfeld.de\/index.php\/produktbestellung\/","title":{"rendered":"Produktbestellung"},"content":{"rendered":"<p>Ihre Bestellungen k\u00f6nnen von uns per Telefon oder E-Mail entgegengenommen werden. Bitte haben Sie Verst\u00e4ndnis daf\u00fcr, dass manche Artikel erst auf Anfrage gefertigt werden und Ihnen dadurch Wartezeiten entstehen k\u00f6nnen. In unseren Verkaufsausstellungen an den Standorten Bitterfeld und K\u00f6then haben Sie die M\u00f6glichkeit auch direkt etwas zu erwerben, bzw. bestellte Artikel gegen Barzahlung abzuholen.<\/p>\n<h5>Kontakt<\/h5>\n<p>Tel.: 03493 6627 0<br \/>\nFax: 03493 6627 19<br \/>\nE-Mail: stabil@abasys.de<\/p>\n<h5>STA-Pro-Boutique<\/h5>\n<p><strong>Kontaktzeiten:<\/strong> 07:00 Uhr bis 15:45 Uhr<\/p>\n<h5>Verkaufsstelle Bitterfeld<\/h5>\n<p><strong>ABASYS GmbH<\/strong><br \/>\nOT Bitterfeld, Schleswiger Stra\u00dfe 9\/10<br \/>\n06749 Bitterfeld-Wolfen<\/p>\n<h5>Verkaufsstelle K\u00f6then<\/h5>\n<p><strong>ABASYS GmbH<\/strong><br \/>\nFriedrich-Ebert-Str. 28<br \/>\n06366 K\u00f6then<\/p>\n<p><strong>Stand:<\/strong> Januar 2022, Preis\u00e4nderungen sind vorbehalten.<\/p>\n<h5>Nutzen Sie zur Ansicht unseren Produktkatalog im PDF-Dokument<\/h5>\n<p><strong><a href=\"http:\/\/www.stabil-anhalt-bitterfeld.de\/wp-content\/uploads\/2022\/01\/Katalog_2021_10_web.pdf\">&gt;&gt;Link zum Produktkatalog<\/a><\/strong><br \/>\n<img loading=\"lazy\" decoding=\"async\" class=\"aligncenter wp-image-292 size-full\" title=\"STA-PRO Produktkatalog\" src=\"http:\/\/www.stabil-anhalt-bitterfeld.de\/wp-content\/uploads\/2017\/06\/Produktkatalog-web-1.jpg\" alt=\"STA-PRO Produktkatalog\" width=\"850\" height=\"528\" srcset=\"http:\/\/www.stabil-anhalt-bitterfeld.de\/wp-content\/uploads\/2017\/06\/Produktkatalog-web-1.jpg 850w, http:\/\/www.stabil-anhalt-bitterfeld.de\/wp-content\/uploads\/2017\/06\/Produktkatalog-web-1-600x373.jpg 600w, http:\/\/www.stabil-anhalt-bitterfeld.de\/wp-content\/uploads\/2017\/06\/Produktkatalog-web-1-300x186.jpg 300w, http:\/\/www.stabil-anhalt-bitterfeld.de\/wp-content\/uploads\/2017\/06\/Produktkatalog-web-1-768x477.jpg 768w\" sizes=\"auto, (max-width: 850px) 100vw, 850px\" \/><\/p>\n","protected":false},"excerpt":{"rendered":"<p>Ihre Bestellungen k\u00f6nnen von uns per Telefon oder E-Mail entgegengenommen werden. Bitte haben Sie Verst\u00e4ndnis daf\u00fcr, dass manche Artikel erst auf Anfrage gefertigt werden und Ihnen dadurch Wartezeiten entstehen k\u00f6nnen. &#8230;<\/p>\n","protected":false},"author":2,"featured_media":0,"parent":0,"menu_order":0,"comment_status":"closed","ping_status":"closed","template":"","meta":{"footnotes":""},"class_list":["post-117","page","type-page","status-publish","hentry"],"_links":{"self":[{"href":"http:\/\/www.stabil-anhalt-bitterfeld.de\/index.php\/wp-json\/wp\/v2\/pages\/117","targetHints":{"allow":["GET"]}}],"collection":[{"href":"http:\/\/www.stabil-anhalt-bitterfeld.de\/index.php\/wp-json\/wp\/v2\/pages"}],"about":[{"href":"http:\/\/www.stabil-anhalt-bitterfeld.de\/index.php\/wp-json\/wp\/v2\/types\/page"}],"author":[{"embeddable":true,"href":"http:\/\/www.stabil-anhalt-bitterfeld.de\/index.php\/wp-json\/wp\/v2\/users\/2"}],"replies":[{"embeddable":true,"href":"http:\/\/www.stabil-anhalt-bitterfeld.de\/index.php\/wp-json\/wp\/v2\/comments?post=117"}],"version-history":[{"count":57,"href":"http:\/\/www.stabil-anhalt-bitterfeld.de\/index.php\/wp-json\/wp\/v2\/pages\/117\/revisions"}],"predecessor-version":[{"id":1658,"href":"http:\/\/www.stabil-anhalt-bitterfeld.de\/index.php\/wp-json\/wp\/v2\/pages\/117\/revisions\/1658"}],"wp:attachment":[{"href":"http:\/\/www.stabil-anhalt-bitterfeld.de\/index.php\/wp-json\/wp\/v2\/media?parent=117"}],"curies":[{"name":"wp","href":"https:\/\/api.w.org\/{rel}","templated":true}]}}